{"id":218,"date":"2015-01-27T08:33:19","date_gmt":"2015-01-27T08:33:19","guid":{"rendered":"http:\/\/nadoriroda.hu\/?page_id=218"},"modified":"2015-01-27T08:37:16","modified_gmt":"2015-01-27T08:37:16","slug":"konferenciaterem-foglalasi-naptara","status":"publish","type":"page","link":"http:\/\/nadoriroda.hu\/?page_id=218","title":{"rendered":"Konferenciaterem foglal\u00e1si napt\u00e1ra"},"content":{"rendered":"<p><div class='wpbc_only_calendar'><div id='calendar_booking_unselectable1'><\/div><span class=\"wpdevelop\"><div style=\"clear:both;height:10px;\"><\/div><div class=\"bk_calendar_frame months_num_in_row_ cal_month_num_12 wpbc_timeslot_day_bg_as_available\" style=\"width:3408px;\"><div id=\"calendar_booking1\">Napt\u00e1r bet\u00f6lt\u00e9se...<\/div><\/div><div style=\"font-size:9px;text-align:left;margin-top:3px;\">Powered by <a style=\"font-size:9px;\" href=\"https:\/\/wpbookingcalendar.com\" target=\"_blank\" title=\"Booking Calendar plugin for WordPress\">Booking Calendar<\/a><\/div><textarea id=\"date_booking1\" name=\"date_booking1\" autocomplete=\"off\" style=\"display:none;\"><\/textarea> <script type='text\/javascript'>  jQuery(document).ready( function(){  date_admin_blank[1] = [];  date2approve[1] = [];  var date_approved_par = [];  init_datepick_cal('1', date_approved_par, 12 , 1, false   );  }); <\/script><\/span><\/div><br \/>\n<\/p>\n","protected":false},"excerpt":{"rendered":"","protected":false},"author":2,"featured_media":0,"parent":0,"menu_order":0,"comment_status":"open","ping_status":"open","template":"","meta":[],"_links":{"self":[{"href":"http:\/\/nadoriroda.hu\/index.php?rest_route=\/wp\/v2\/pages\/218"}],"collection":[{"href":"http:\/\/nadoriroda.hu\/index.php?rest_route=\/wp\/v2\/pages"}],"about":[{"href":"http:\/\/nadoriroda.hu\/index.php?rest_route=\/wp\/v2\/types\/page"}],"author":[{"embeddable":true,"href":"http:\/\/nadoriroda.hu\/index.php?rest_route=\/wp\/v2\/users\/2"}],"replies":[{"embeddable":true,"href":"http:\/\/nadoriroda.hu\/index.php?rest_route=%2Fwp%2Fv2%2Fcomments&post=218"}],"version-history":[{"count":1,"href":"http:\/\/nadoriroda.hu\/index.php?rest_route=\/wp\/v2\/pages\/218\/revisions"}],"predecessor-version":[{"id":219,"href":"http:\/\/nadoriroda.hu\/index.php?rest_route=\/wp\/v2\/pages\/218\/revisions\/219"}],"wp:attachment":[{"href":"http:\/\/nadoriroda.hu\/index.php?rest_route=%2Fwp%2Fv2%2Fmedia&parent=218"}],"curies":[{"name":"wp","href":"https:\/\/api.w.org\/{rel}","templated":true}]}}